{"id":6,"date":"2023-03-25T14:48:52","date_gmt":"2023-03-25T14:48:52","guid":{"rendered":"http:\/\/www-neu.stahl-ton.de\/?page_id=6"},"modified":"2023-12-28T13:04:58","modified_gmt":"2023-12-28T13:04:58","slug":"home","status":"publish","type":"page","link":"https:\/\/www.stahl-ton.de\/","title":{"rendered":"Home"},"content":{"rendered":"\n<div class=\"wp-block-cover alignfull is-light\" style=\"min-height:720px;aspect-ratio:unset;\"><span aria-hidden=\"true\" class=\"wp-block-cover__background has-background-dim-100 has-background-dim has-background-gradient\" style=\"background:linear-gradient(35deg,rgb(6,0,151) 0%,rgb(130,4,255) 73%,rgb(193,15,255) 100%)\"><\/span><div class=\"wp-block-cover__inner-container is-layout-flow wp-block-cover-is-layout-flow\">\n<div class=\"wp-block-group alignwide is-layout-constrained wp-block-group-is-layout-constrained\">\n<div class=\"wp-block-media-text alignwide has-media-on-the-right is-stacked-on-mobile is-vertically-aligned-center\" style=\"grid-template-columns:auto 43%\"><div class=\"wp-block-media-text__content\">\n<h1 class=\"has-text-align-left has-white-color has-text-color wp-block-heading\">Mehr als nur Stahl!<\/h1>\n\n\n\n<p>Unsere M\u00f6bel sind langlebig und witterungsbest\u00e4ndig.<br><br>Dar\u00fcber hinaus sind die von uns hergestellten M\u00f6bel recyclebar und k\u00f6nnen nahezu endlos wieder aufgearbeitet werden.<\/p>\n\n\n\n<div class=\"wp-block-buttons alignwide is-layout-flex wp-block-buttons-is-layout-flex\">\n<div class=\"wp-block-button\"><a class=\"wp-block-button__link wp-element-button\" href=\"shop.stahl-ton.de\">Online Shop<\/a><\/div>\n<\/div>\n<\/div><figure class=\"wp-block-media-text__media\"><img loading=\"lazy\" decoding=\"async\" width=\"1024\" height=\"686\" src=\"http:\/\/www-neu.stahl-ton.de\/wp-content\/uploads\/2020\/08\/DSC_0061-scaled-1-1024x686.jpg\" alt=\"\" class=\"wp-image-732 size-full\" srcset=\"https:\/\/www.stahl-ton.de\/wp-content\/uploads\/2020\/08\/DSC_0061-scaled-1-1024x686.jpg 1024w, https:\/\/www.stahl-ton.de\/wp-content\/uploads\/2020\/08\/DSC_0061-scaled-1-300x201.jpg 300w, https:\/\/www.stahl-ton.de\/wp-content\/uploads\/2020\/08\/DSC_0061-scaled-1-768x514.jpg 768w, https:\/\/www.stahl-ton.de\/wp-content\/uploads\/2020\/08\/DSC_0061-scaled-1-1536x1028.jpg 1536w, https:\/\/www.stahl-ton.de\/wp-content\/uploads\/2020\/08\/DSC_0061-scaled-1-2048x1371.jpg 2048w\" sizes=\"(max-width: 1024px) 100vw, 1024px\" \/><\/figure><\/div>\n<\/div>\n<\/div><\/div>\n\n\n\n<div class=\"wp-block-group alignfull has-ast-global-color-5-background-color has-background is-layout-constrained wp-container-core-group-is-layout-2 wp-block-group-is-layout-constrained\" style=\"padding-bottom:0px\">\n<div class=\"wp-block-columns are-vertically-aligned-top is-layout-flex wp-container-core-columns-is-layout-1 wp-block-columns-is-layout-flex\">\n<div class=\"wp-block-column is-vertically-aligned-top is-layout-flow wp-container-core-column-is-layout-1 wp-block-column-is-layout-flow\">\n<figure class=\"wp-block-image size-large\"><img decoding=\"async\" src=\"http:\/\/www-neu.stahl-ton.de\/wp-content\/themes\/astra\/inc\/assets\/images\/starter-content\/building.svg\" alt=\"\" class=\"wp-image-134\"\/><\/figure>\n\n\n\n<h3 class=\"has-text-align-left wp-block-heading\" style=\"margin-top:16px\">Local Business<\/h3>\n\n\n\n<p class=\"has-text-align-left\">Wir kommen aus Deutschland und wollen auch bei Ihnen mit unserer Qualit\u00e4t punkten!<\/p>\n<\/div>\n\n\n\n<div class=\"wp-block-column is-vertically-aligned-top is-layout-flow wp-container-core-column-is-layout-2 wp-block-column-is-layout-flow\">\n<figure class=\"wp-block-image size-large\"><img decoding=\"async\" src=\"http:\/\/www-neu.stahl-ton.de\/wp-content\/themes\/astra\/inc\/assets\/images\/starter-content\/shopping-bag.svg\" alt=\"\" class=\"wp-image-135\"\/><\/figure>\n\n\n\n<h3 class=\"has-text-align-left wp-block-heading\" style=\"margin-top:16px\">Online Store<\/h3>\n\n\n\n<p class=\"has-text-align-left\">Wir haben f\u00fcr Sie einen Online Store. Schauen Sie vorbei!<\/p>\n<\/div>\n\n\n\n<div class=\"wp-block-column is-vertically-aligned-top is-layout-flow wp-container-core-column-is-layout-3 wp-block-column-is-layout-flow\">\n<figure class=\"wp-block-image size-large\"><img decoding=\"async\" src=\"http:\/\/www-neu.stahl-ton.de\/wp-content\/themes\/astra\/inc\/assets\/images\/starter-content\/blog.svg\" alt=\"\" class=\"wp-image-136\"\/><\/figure>\n\n\n\n<h3 class=\"has-text-align-left wp-block-heading\" style=\"margin-top:16px\">Kontakt<\/h3>\n\n\n\n<p class=\"has-text-align-left\">Kontaktieren Sie uns zu jederzeit.<br>Wir freuen uns!<\/p>\n<\/div>\n\n\n\n<div class=\"wp-block-column is-vertically-aligned-top is-layout-flow wp-container-core-column-is-layout-4 wp-block-column-is-layout-flow\">\n<figure class=\"wp-block-image size-large\"><img decoding=\"async\" src=\"http:\/\/www-neu.stahl-ton.de\/wp-content\/themes\/astra\/inc\/assets\/images\/starter-content\/portfolio.svg\" alt=\"\" class=\"wp-image-137\"\/><\/figure>\n\n\n\n<h3 class=\"has-text-align-left wp-block-heading\" style=\"margin-top:16px\">Projekte<\/h3>\n\n\n\n<p class=\"has-text-align-left\">Gerne k\u00f6nnen Sie sich einen \u00dcberblick \u00fcber gr\u00f6\u00dfere Projekte von uns verschaffen.<\/p>\n<\/div>\n<\/div>\n<\/div>\n\n\n\n<div class=\"wp-block-group alignfull is-layout-constrained wp-container-core-group-is-layout-3 wp-block-group-is-layout-constrained\" id=\"services\" style=\"padding-top:144px;padding-bottom:0px\">\n<h2 class=\"wp-block-heading\">Unser Service<\/h2>\n\n\n\n<div class=\"wp-block-columns is-layout-flex wp-container-core-columns-is-layout-2 wp-block-columns-is-layout-flex\" style=\"margin-top:50px\">\n<div class=\"wp-block-column is-layout-flow wp-container-core-column-is-layout-5 wp-block-column-is-layout-flow\">\n<figure class=\"wp-block-image size-large\"><img loading=\"lazy\" decoding=\"async\" width=\"768\" height=\"1024\" src=\"http:\/\/www-neu.stahl-ton.de\/wp-content\/uploads\/2019\/01\/IMG_1075-e1546805152832-768x1024.jpg\" alt=\"\" class=\"wp-image-530\" srcset=\"https:\/\/www.stahl-ton.de\/wp-content\/uploads\/2019\/01\/IMG_1075-e1546805152832-768x1024.jpg 768w, https:\/\/www.stahl-ton.de\/wp-content\/uploads\/2019\/01\/IMG_1075-e1546805152832-225x300.jpg 225w, https:\/\/www.stahl-ton.de\/wp-content\/uploads\/2019\/01\/IMG_1075-e1546805152832-1152x1536.jpg 1152w, https:\/\/www.stahl-ton.de\/wp-content\/uploads\/2019\/01\/IMG_1075-e1546805152832-1536x2048.jpg 1536w, https:\/\/www.stahl-ton.de\/wp-content\/uploads\/2019\/01\/IMG_1075-e1546805152832-scaled.jpg 1920w\" sizes=\"(max-width: 768px) 100vw, 768px\" \/><\/figure>\n\n\n\n<h3 class=\"wp-block-heading\" style=\"margin-top:16px\">M\u00f6bel<\/h3>\n\n\n\n<p>Sem quis erat nibh id neque tincidunt molestie convallis ut nibh vel, lorem consequat ullamcorper.<\/p>\n<\/div>\n\n\n\n<div class=\"wp-block-column is-layout-flow wp-container-core-column-is-layout-6 wp-block-column-is-layout-flow\">\n<figure class=\"wp-block-image size-large\"><img loading=\"lazy\" decoding=\"async\" width=\"768\" height=\"1024\" src=\"http:\/\/www-neu.stahl-ton.de\/wp-content\/uploads\/2018\/12\/Block1-4-768x1024.jpg\" alt=\"\" class=\"wp-image-115\" srcset=\"https:\/\/www.stahl-ton.de\/wp-content\/uploads\/2018\/12\/Block1-4-768x1024.jpg 768w, https:\/\/www.stahl-ton.de\/wp-content\/uploads\/2018\/12\/Block1-4-225x300.jpg 225w, https:\/\/www.stahl-ton.de\/wp-content\/uploads\/2018\/12\/Block1-4-1152x1536.jpg 1152w, https:\/\/www.stahl-ton.de\/wp-content\/uploads\/2018\/12\/Block1-4.jpg 1536w\" sizes=\"(max-width: 768px) 100vw, 768px\" \/><\/figure>\n\n\n\n<h3 class=\"wp-block-heading\" style=\"margin-top:16px\">Treppen<\/h3>\n\n\n\n<p>Sem quis erat nibh id neque tincidunt molestie convallis ut nibh vel, lorem consequat ullamcorper.<\/p>\n<\/div>\n\n\n\n<div class=\"wp-block-column is-layout-flow wp-container-core-column-is-layout-7 wp-block-column-is-layout-flow\">\n<figure class=\"wp-block-image size-large\"><img loading=\"lazy\" decoding=\"async\" width=\"685\" height=\"1024\" src=\"http:\/\/www-neu.stahl-ton.de\/wp-content\/uploads\/2019\/01\/DSC_1622-e1547409827189-685x1024.jpg\" alt=\"\" class=\"wp-image-586\" srcset=\"https:\/\/www.stahl-ton.de\/wp-content\/uploads\/2019\/01\/DSC_1622-e1547409827189-685x1024.jpg 685w, https:\/\/www.stahl-ton.de\/wp-content\/uploads\/2019\/01\/DSC_1622-e1547409827189-201x300.jpg 201w, https:\/\/www.stahl-ton.de\/wp-content\/uploads\/2019\/01\/DSC_1622-e1547409827189-768x1147.jpg 768w, https:\/\/www.stahl-ton.de\/wp-content\/uploads\/2019\/01\/DSC_1622-e1547409827189-1028x1536.jpg 1028w, https:\/\/www.stahl-ton.de\/wp-content\/uploads\/2019\/01\/DSC_1622-e1547409827189-1371x2048.jpg 1371w, https:\/\/www.stahl-ton.de\/wp-content\/uploads\/2019\/01\/DSC_1622-e1547409827189-scaled.jpg 1714w\" sizes=\"(max-width: 685px) 100vw, 685px\" \/><\/figure>\n\n\n\n<h3 class=\"wp-block-heading\" style=\"margin-top:16px\">Projekte<\/h3>\n\n\n\n<p>Sem quis erat nibh id neque tincidunt molestie convallis ut nibh vel, lorem consequat ullamcorper.<\/p>\n<\/div>\n<\/div>\n<\/div>\n\n\n\n<div class=\"wp-block-group alignfull has-ast-global-color-5-background-color has-background is-layout-constrained wp-container-core-group-is-layout-5 wp-block-group-is-layout-constrained\" id=\"about\" style=\"padding-top:143px;padding-bottom:144px\">\n<div class=\"wp-block-media-text has-media-on-the-right is-stacked-on-mobile is-vertically-aligned-center\"><div class=\"wp-block-media-text__content\">\n<div class=\"wp-block-group is-layout-constrained wp-container-core-group-is-layout-4 wp-block-group-is-layout-constrained\" style=\"padding-right:80px\">\n<h2 class=\"wp-block-heading\" style=\"padding-right:40px\">Made in Germany<\/h2>\n\n\n\n<p>Unser Meisterbetrieb freut sich, Ihnen eine breite Auswahl an Treppen, Gel\u00e4ndern und individuellen Metallbauarbeiten anzubieten.<\/p>\n\n\n\n<p>Selbstverst\u00e4ndlich nur aus den hochwertigsten und nachhaltigen Materialien. Mit der langj\u00e4hrigen Erfahrung unserer Mitarbeiter und Zulieferer sind wir zuversichtlich, dass wir auch Ihnen weiterhelfen k\u00f6nnen.<\/p>\n<\/div>\n<\/div><figure class=\"wp-block-media-text__media\"><img loading=\"lazy\" decoding=\"async\" width=\"1024\" height=\"768\" src=\"http:\/\/www-neu.stahl-ton.de\/wp-content\/uploads\/2019\/01\/IMG_3350-1024x768.jpg\" alt=\"\" class=\"wp-image-605 size-full\" srcset=\"https:\/\/www.stahl-ton.de\/wp-content\/uploads\/2019\/01\/IMG_3350-1024x768.jpg 1024w, https:\/\/www.stahl-ton.de\/wp-content\/uploads\/2019\/01\/IMG_3350-300x225.jpg 300w, https:\/\/www.stahl-ton.de\/wp-content\/uploads\/2019\/01\/IMG_3350-768x576.jpg 768w, https:\/\/www.stahl-ton.de\/wp-content\/uploads\/2019\/01\/IMG_3350-1536x1152.jpg 1536w, https:\/\/www.stahl-ton.de\/wp-content\/uploads\/2019\/01\/IMG_3350-2048x1536.jpg 2048w\" sizes=\"(max-width: 1024px) 100vw, 1024px\" \/><\/figure><\/div>\n<\/div>\n\n\n\n<div class=\"wp-block-group alignfull is-layout-constrained wp-container-core-group-is-layout-6 wp-block-group-is-layout-constrained\" id=\"whyus\" style=\"padding-top:144px;padding-bottom:144px\">\n<h2 class=\"wp-block-heading\">Wieso Sie uns w\u00e4hlen sollten!<\/h2>\n\n\n\n<div class=\"wp-block-columns is-layout-flex wp-container-core-columns-is-layout-3 wp-block-columns-is-layout-flex\" style=\"margin-top:60px\">\n<div class=\"wp-block-column is-layout-flow wp-container-core-column-is-layout-8 wp-block-column-is-layout-flow\">\n<figure class=\"wp-block-image size-large\"><img decoding=\"async\" src=\"http:\/\/www-neu.stahl-ton.de\/wp-content\/themes\/astra\/inc\/assets\/images\/starter-content\/passionate.svg\" alt=\"\" class=\"wp-image-162\"\/><\/figure>\n\n\n\n<h3 class=\"wp-block-heading\" style=\"margin-top:16px\">Unsere Leidenschaft<\/h3>\n\n\n\n<p>Ihre W\u00fcnsche f\u00fcr alles aus Metall erf\u00fcllen wir mit Freude und h\u00f6chster handwerklicher Kompetenz.<\/p>\n<\/div>\n\n\n\n<div class=\"wp-block-column is-layout-flow wp-container-core-column-is-layout-9 wp-block-column-is-layout-flow\">\n<figure class=\"wp-block-image size-large\"><img decoding=\"async\" src=\"http:\/\/www-neu.stahl-ton.de\/wp-content\/themes\/astra\/inc\/assets\/images\/starter-content\/professional.svg\" alt=\"\" class=\"wp-image-163\"\/><\/figure>\n\n\n\n<h3 class=\"wp-block-heading\" style=\"margin-top:16px\">Zufriedene Kunden<\/h3>\n\n\n\n<p>Wir stehen f\u00fcr zufriedene Kunden und wollen Ihren Auftrag bestm\u00f6glich nach Ihren Vorstellungen erf\u00fcllen.<\/p>\n<\/div>\n\n\n\n<div class=\"wp-block-column is-layout-flow wp-container-core-column-is-layout-10 wp-block-column-is-layout-flow\">\n<figure class=\"wp-block-image size-large\"><img decoding=\"async\" src=\"http:\/\/www-neu.stahl-ton.de\/wp-content\/themes\/astra\/inc\/assets\/images\/starter-content\/support.svg\" alt=\"\" class=\"wp-image-164\"\/><\/figure>\n\n\n\n<h3 class=\"wp-block-heading\" style=\"margin-top:16px\">Unterst\u00fctzung<\/h3>\n\n\n\n<p>Sie haben ganz eigene Ideen? Sprechen Sie mit uns und wir realisieren diese f\u00fcr Sie.<\/p>\n<\/div>\n<\/div>\n<\/div>\n\n\n\n<div class=\"wp-block-group alignfull has-background is-layout-constrained wp-container-core-group-is-layout-7 wp-block-group-is-layout-constrained\" id=\"contact\" style=\"background:linear-gradient(35deg,rgb(6,0,151) 0%,rgb(130,4,255) 64%,rgb(193,15,255) 98%);padding-top:104px;padding-bottom:104px\">\n<h2 class=\"has-text-align-center has-text-color wp-block-heading\" style=\"color:#ffffff\">Sie wollen uns Kennenlernen?<\/h2>\n\n\n\n<div class=\"wp-block-buttons alignwide is-horizontal is-content-justification-center is-layout-flex wp-container-core-buttons-is-layout-2 wp-block-buttons-is-layout-flex\" style=\"margin-top:50px\">\n<div class=\"wp-block-button\"><a class=\"wp-block-button__link wp-element-button\" href=\"http:\/\/www-neu.stahl-ton.de\/index.php\/kontakt\/\" target=\"_blank\" rel=\"noreferrer noopener\">Kontakt<\/a><\/div>\n<\/div>\n<\/div>\n","protected":false},"excerpt":{"rendered":"<p>Local Business Wir kommen aus Deutschland und wollen auch bei Ihnen mit unserer Qualit\u00e4t punkten! Online Store Wir haben f\u00fcr Sie einen Online Store. Schauen Sie vorbei! Kontakt Kontaktieren Sie uns zu jederzeit.Wir freuen uns! Projekte Gerne k\u00f6nnen Sie sich einen \u00dcberblick \u00fcber gr\u00f6\u00dfere Projekte von uns verschaffen. Unser Service M\u00f6bel Sem quis erat nibh [&hellip;]<\/p>\n","protected":false},"author":1,"featured_media":0,"parent":0,"menu_order":0,"comment_status":"closed","ping_status":"closed","template":"","meta":{"footnotes":""},"class_list":["post-6","page","type-page","status-publish","hentry"],"aioseo_notices":[],"_links":{"self":[{"href":"https:\/\/www.stahl-ton.de\/index.php\/wp-json\/wp\/v2\/pages\/6"}],"collection":[{"href":"https:\/\/www.stahl-ton.de\/index.php\/wp-json\/wp\/v2\/pages"}],"about":[{"href":"https:\/\/www.stahl-ton.de\/index.php\/wp-json\/wp\/v2\/types\/page"}],"author":[{"embeddable":true,"href":"https:\/\/www.stahl-ton.de\/index.php\/wp-json\/wp\/v2\/users\/1"}],"replies":[{"embeddable":true,"href":"https:\/\/www.stahl-ton.de\/index.php\/wp-json\/wp\/v2\/comments?post=6"}],"version-history":[{"count":16,"href":"https:\/\/www.stahl-ton.de\/index.php\/wp-json\/wp\/v2\/pages\/6\/revisions"}],"predecessor-version":[{"id":1253,"href":"https:\/\/www.stahl-ton.de\/index.php\/wp-json\/wp\/v2\/pages\/6\/revisions\/1253"}],"wp:attachment":[{"href":"https:\/\/www.stahl-ton.de\/index.php\/wp-json\/wp\/v2\/media?parent=6"}],"curies":[{"name":"wp","href":"https:\/\/api.w.org\/{rel}","templated":true}]}}